{"id":81,"date":"2019-03-13T15:52:09","date_gmt":"2019-03-13T14:52:09","guid":{"rendered":"http:\/\/www.karinwiesenthal.de\/wp\/?page_id=81"},"modified":"2019-06-12T13:24:56","modified_gmt":"2019-06-12T11:24:56","slug":"leadership-reflexion","status":"publish","type":"page","link":"https:\/\/www.karinwiesenthal.de\/wp\/leadership-reflexion\/","title":{"rendered":"Leadership Reflexion"},"content":{"rendered":"<div class='content-column two_third'><div style=\"padding-right:10px;\"><p>Die Leadership Reflexion dient der Qualit\u00e4tssicherung und bietet Ihnen eine kontinuierliche Begleitung zur Selbstreflexion und extern reflektierten Betrachtung der eigenen F\u00fchrungsarbeit.<br \/>\nJede F\u00fchrungskraft, die langfristig ein hohes Leistungsniveau erbringen will, sollte sich regelm\u00e4\u00dfig Freiraum schaffen und das eigene Vorgehen \u00fcberdenken. Die Leadership Reflexion stellt Ihnen im Rahmen regelm\u00e4\u00dfiger Einzeldialoge ein professionelles Sparring f\u00fcr diese bewusste Auseinandersetzung mit dem eigenen F\u00fchrungsalltag bereit. In guter Resonanz mit Ihren eigenen Werten und mit einer ausgewogenen Balance Ihres pers\u00f6nlichen Energiehaushalts sind Sie als F\u00fchrungskraft so in der Lage, das gewohnte Leistungsniveau dauerhaft kraftvoll und vital zu erzielen.<\/p>\n<p><strong>Typische Anl\u00e4sse f\u00fcr die unterst\u00fctzende Reflexion sind:<br \/>\n<\/strong><\/p>\n<ul>\n<li style=\"text-align: left;\">Sie haben eine neue F\u00fchrungsposition \u00fcbernommen.<\/li>\n<li style=\"text-align: left;\">Die Komplexit\u00e4t der Anforderungen an Ihre Position hat sich, z.B. aufgrund von Restrukturierungs- oder Fusionsprozessen, erh\u00f6ht.<\/li>\n<li style=\"text-align: left;\">Sie bewegen sich in einem schwierigen F\u00fchrungsumfeld mit wenig Gelegenheit f\u00fcr vertrauensvollen und kollegialen Austausch mit anderen F\u00fchrungskr\u00e4ften.<\/li>\n<li style=\"text-align: left;\">Im Nachgang zu einem bereits stattgefundenen Coaching w\u00fcnschen Sie sich eine Begleitung zur Stabilisierung der Ergebnisse.<\/li>\n<li style=\"text-align: left;\">Das Unternehmen m\u00f6chte eine langfristige Bindung von leistungsstarken F\u00fchrungskr\u00e4ften sicherstellen.<\/li>\n<\/ul><\/div><\/div>\n<div class='content-column one_third last_column'><div style=\"padding-right:10px;padding-left:10px;\"><div id=\"attachment_196\" style=\"width: 310px\" class=\"wp-caption aligncenter\"><a href=\"http:\/\/www.karinwiesenthal.de\/wp\/wp-content\/uploads\/2019\/04\/KW-2012-08-Broschu\u0308re-Reflexion-RZ2.pdf\" target=\"_blank\" rel=\"noopener noreferrer\"><img loading=\"lazy\" decoding=\"async\" aria-describedby=\"caption-attachment-196\" class=\"wp-image-196 size-full\" src=\"http:\/\/www.karinwiesenthal.de\/wp\/wp-content\/uploads\/2019\/04\/Leadership-Reflexion.png\" alt=\"\" width=\"300\" height=\"429\" \/><\/a><p id=\"caption-attachment-196\" class=\"wp-caption-text\"><a href=\"http:\/\/www.karinwiesenthal.de\/wp\/wp-content\/uploads\/2019\/04\/KW-2012-08-Broschu\u0308re-Reflexion-RZ2.pdf\" target=\"_blank\" rel=\"noopener noreferrer\">Brosch\u00fcre Leadership Reflexion<\/a><\/p><\/div><\/div><\/div><div class='clear_column'><\/div>\n","protected":false},"excerpt":{"rendered":"","protected":false},"author":1,"featured_media":0,"parent":0,"menu_order":0,"comment_status":"closed","ping_status":"closed","template":"page-templates\/full-width.php","meta":{"footnotes":""},"class_list":["post-81","page","type-page","status-publish","hentry"],"_links":{"self":[{"href":"https:\/\/www.karinwiesenthal.de\/wp\/wp-json\/wp\/v2\/pages\/81","targetHints":{"allow":["GET"]}}],"collection":[{"href":"https:\/\/www.karinwiesenthal.de\/wp\/wp-json\/wp\/v2\/pages"}],"about":[{"href":"https:\/\/www.karinwiesenthal.de\/wp\/wp-json\/wp\/v2\/types\/page"}],"author":[{"embeddable":true,"href":"https:\/\/www.karinwiesenthal.de\/wp\/wp-json\/wp\/v2\/users\/1"}],"replies":[{"embeddable":true,"href":"https:\/\/www.karinwiesenthal.de\/wp\/wp-json\/wp\/v2\/comments?post=81"}],"version-history":[{"count":11,"href":"https:\/\/www.karinwiesenthal.de\/wp\/wp-json\/wp\/v2\/pages\/81\/revisions"}],"predecessor-version":[{"id":411,"href":"https:\/\/www.karinwiesenthal.de\/wp\/wp-json\/wp\/v2\/pages\/81\/revisions\/411"}],"wp:attachment":[{"href":"https:\/\/www.karinwiesenthal.de\/wp\/wp-json\/wp\/v2\/media?parent=81"}],"curies":[{"name":"wp","href":"https:\/\/api.w.org\/{rel}","templated":true}]}}